{"id":10896,"date":"2025-05-15T18:22:44","date_gmt":"2025-05-15T18:22:44","guid":{"rendered":"https:\/\/www.dymicron.com\/medzinarodne-zdroje-triadyme-c\/"},"modified":"2025-09-17T02:50:14","modified_gmt":"2025-09-17T02:50:14","slug":"medzinarodne-zdroje-triadyme-c","status":"publish","type":"page","link":"https:\/\/www.dymicron.com\/sk\/medzinarodne-zdroje-triadyme-c\/","title":{"rendered":"Medzin\u00e1rodn\u00e9 zdroje Triadyme-C"},"content":{"rendered":"","protected":false},"excerpt":{"rendered":"","protected":false},"author":12,"featured_media":0,"parent":0,"menu_order":0,"comment_status":"closed","ping_status":"closed","template":"","meta":{"_acf_changed":false,"content-type":"","footnotes":""},"class_list":["post-10896","page","type-page","status-publish","hentry"],"acf":[],"yoast_head":"<!-- This site is optimized with the Yoast SEO plugin v26.8 - https:\/\/yoast.com\/product\/yoast-seo-wordpress\/ -->\n<title>Medzin\u00e1rodn\u00e9 zdroje Triadyme-C - Dymicron<\/title>\n<meta name=\"robots\" content=\"index, follow, max-snippet:-1, max-image-preview:large, max-video-preview:-1\" \/>\n<link rel=\"canonical\" href=\"https:\/\/www.dymicron.com\/sk\/medzinarodne-zdroje-triadyme-c\/\" \/>\n<meta property=\"og:locale\" content=\"sk_SK\" \/>\n<meta property=\"og:type\" content=\"article\" \/>\n<meta property=\"og:title\" content=\"Medzin\u00e1rodn\u00e9 zdroje Triadyme-C - Dymicron\" \/>\n<meta property=\"og:url\" content=\"https:\/\/www.dymicron.com\/sk\/medzinarodne-zdroje-triadyme-c\/\" \/>\n<meta property=\"og:site_name\" content=\"Dymicron\" \/>\n<meta property=\"article:publisher\" content=\"https:\/\/www.linkedin.com\/company\/dymicron\" \/>\n<meta property=\"article:modified_time\" content=\"2025-09-17T02:50:14+00:00\" \/>\n<meta name=\"twitter:card\" content=\"summary_large_image\" \/>\n<meta name=\"twitter:label1\" content=\"Predpokladan\u00fd \u010das \u010d\u00edtania\" \/>\n\t<meta name=\"twitter:data1\" content=\"1 min\u00fata\" \/>\n<script type=\"application\/ld+json\" class=\"yoast-schema-graph\">{\"@context\":\"https:\/\/schema.org\",\"@graph\":[{\"@type\":\"WebPage\",\"@id\":\"https:\/\/www.dymicron.com\/sk\/medzinarodne-zdroje-triadyme-c\/\",\"url\":\"https:\/\/www.dymicron.com\/sk\/medzinarodne-zdroje-triadyme-c\/\",\"name\":\"Medzin\u00e1rodn\u00e9 zdroje Triadyme-C - Dymicron\",\"isPartOf\":{\"@id\":\"https:\/\/www.dymicron.com\/#website\"},\"datePublished\":\"2025-05-15T18:22:44+00:00\",\"dateModified\":\"2025-09-17T02:50:14+00:00\",\"breadcrumb\":{\"@id\":\"https:\/\/www.dymicron.com\/sk\/medzinarodne-zdroje-triadyme-c\/#breadcrumb\"},\"inLanguage\":\"sk-SK\",\"potentialAction\":[{\"@type\":\"ReadAction\",\"target\":[\"https:\/\/www.dymicron.com\/sk\/medzinarodne-zdroje-triadyme-c\/\"]}]},{\"@type\":\"BreadcrumbList\",\"@id\":\"https:\/\/www.dymicron.com\/sk\/medzinarodne-zdroje-triadyme-c\/#breadcrumb\",\"itemListElement\":[{\"@type\":\"ListItem\",\"position\":1,\"name\":\"Home\",\"item\":\"https:\/\/www.dymicron.com\/sk\/\"},{\"@type\":\"ListItem\",\"position\":2,\"name\":\"Medzin\u00e1rodn\u00e9 zdroje Triadyme-C\"}]},{\"@type\":\"WebSite\",\"@id\":\"https:\/\/www.dymicron.com\/#website\",\"url\":\"https:\/\/www.dymicron.com\/\",\"name\":\"Dymicron\",\"description\":\"An innovation-driven medical technology company\",\"publisher\":{\"@id\":\"https:\/\/www.dymicron.com\/#organization\"},\"potentialAction\":[{\"@type\":\"SearchAction\",\"target\":{\"@type\":\"EntryPoint\",\"urlTemplate\":\"https:\/\/www.dymicron.com\/?s={search_term_string}\"},\"query-input\":{\"@type\":\"PropertyValueSpecification\",\"valueRequired\":true,\"valueName\":\"search_term_string\"}}],\"inLanguage\":\"sk-SK\"},{\"@type\":\"Organization\",\"@id\":\"https:\/\/www.dymicron.com\/#organization\",\"name\":\"Dymicron\",\"url\":\"https:\/\/www.dymicron.com\/\",\"logo\":{\"@type\":\"ImageObject\",\"inLanguage\":\"sk-SK\",\"@id\":\"https:\/\/www.dymicron.com\/#\/schema\/logo\/image\/\",\"url\":\"https:\/\/www.dymicron.com\/wp-content\/uploads\/2015\/03\/DYMICRON-CMYK-HOR-265-41.png\",\"contentUrl\":\"https:\/\/www.dymicron.com\/wp-content\/uploads\/2015\/03\/DYMICRON-CMYK-HOR-265-41.png\",\"width\":265,\"height\":41,\"caption\":\"Dymicron\"},\"image\":{\"@id\":\"https:\/\/www.dymicron.com\/#\/schema\/logo\/image\/\"},\"sameAs\":[\"https:\/\/www.linkedin.com\/company\/dymicron\"]}]}<\/script>\n<!-- \/ Yoast SEO plugin. -->","yoast_head_json":{"title":"Medzin\u00e1rodn\u00e9 zdroje Triadyme-C - Dymicron","robots":{"index":"index","follow":"follow","max-snippet":"max-snippet:-1","max-image-preview":"max-image-preview:large","max-video-preview":"max-video-preview:-1"},"canonical":"https:\/\/www.dymicron.com\/sk\/medzinarodne-zdroje-triadyme-c\/","og_locale":"sk_SK","og_type":"article","og_title":"Medzin\u00e1rodn\u00e9 zdroje Triadyme-C - Dymicron","og_url":"https:\/\/www.dymicron.com\/sk\/medzinarodne-zdroje-triadyme-c\/","og_site_name":"Dymicron","article_publisher":"https:\/\/www.linkedin.com\/company\/dymicron","article_modified_time":"2025-09-17T02:50:14+00:00","twitter_card":"summary_large_image","twitter_misc":{"Predpokladan\u00fd \u010das \u010d\u00edtania":"1 min\u00fata"},"schema":{"@context":"https:\/\/schema.org","@graph":[{"@type":"WebPage","@id":"https:\/\/www.dymicron.com\/sk\/medzinarodne-zdroje-triadyme-c\/","url":"https:\/\/www.dymicron.com\/sk\/medzinarodne-zdroje-triadyme-c\/","name":"Medzin\u00e1rodn\u00e9 zdroje Triadyme-C - Dymicron","isPartOf":{"@id":"https:\/\/www.dymicron.com\/#website"},"datePublished":"2025-05-15T18:22:44+00:00","dateModified":"2025-09-17T02:50:14+00:00","breadcrumb":{"@id":"https:\/\/www.dymicron.com\/sk\/medzinarodne-zdroje-triadyme-c\/#breadcrumb"},"inLanguage":"sk-SK","potentialAction":[{"@type":"ReadAction","target":["https:\/\/www.dymicron.com\/sk\/medzinarodne-zdroje-triadyme-c\/"]}]},{"@type":"BreadcrumbList","@id":"https:\/\/www.dymicron.com\/sk\/medzinarodne-zdroje-triadyme-c\/#breadcrumb","itemListElement":[{"@type":"ListItem","position":1,"name":"Home","item":"https:\/\/www.dymicron.com\/sk\/"},{"@type":"ListItem","position":2,"name":"Medzin\u00e1rodn\u00e9 zdroje Triadyme-C"}]},{"@type":"WebSite","@id":"https:\/\/www.dymicron.com\/#website","url":"https:\/\/www.dymicron.com\/","name":"Dymicron","description":"An innovation-driven medical technology company","publisher":{"@id":"https:\/\/www.dymicron.com\/#organization"},"potentialAction":[{"@type":"SearchAction","target":{"@type":"EntryPoint","urlTemplate":"https:\/\/www.dymicron.com\/?s={search_term_string}"},"query-input":{"@type":"PropertyValueSpecification","valueRequired":true,"valueName":"search_term_string"}}],"inLanguage":"sk-SK"},{"@type":"Organization","@id":"https:\/\/www.dymicron.com\/#organization","name":"Dymicron","url":"https:\/\/www.dymicron.com\/","logo":{"@type":"ImageObject","inLanguage":"sk-SK","@id":"https:\/\/www.dymicron.com\/#\/schema\/logo\/image\/","url":"https:\/\/www.dymicron.com\/wp-content\/uploads\/2015\/03\/DYMICRON-CMYK-HOR-265-41.png","contentUrl":"https:\/\/www.dymicron.com\/wp-content\/uploads\/2015\/03\/DYMICRON-CMYK-HOR-265-41.png","width":265,"height":41,"caption":"Dymicron"},"image":{"@id":"https:\/\/www.dymicron.com\/#\/schema\/logo\/image\/"},"sameAs":["https:\/\/www.linkedin.com\/company\/dymicron"]}]}},"_links":{"self":[{"href":"https:\/\/www.dymicron.com\/sk\/wp-json\/wp\/v2\/pages\/10896","targetHints":{"allow":["GET"]}}],"collection":[{"href":"https:\/\/www.dymicron.com\/sk\/wp-json\/wp\/v2\/pages"}],"about":[{"href":"https:\/\/www.dymicron.com\/sk\/wp-json\/wp\/v2\/types\/page"}],"author":[{"embeddable":true,"href":"https:\/\/www.dymicron.com\/sk\/wp-json\/wp\/v2\/users\/12"}],"replies":[{"embeddable":true,"href":"https:\/\/www.dymicron.com\/sk\/wp-json\/wp\/v2\/comments?post=10896"}],"version-history":[{"count":2,"href":"https:\/\/www.dymicron.com\/sk\/wp-json\/wp\/v2\/pages\/10896\/revisions"}],"predecessor-version":[{"id":11500,"href":"https:\/\/www.dymicron.com\/sk\/wp-json\/wp\/v2\/pages\/10896\/revisions\/11500"}],"wp:attachment":[{"href":"https:\/\/www.dymicron.com\/sk\/wp-json\/wp\/v2\/media?parent=10896"}],"curies":[{"name":"wp","href":"https:\/\/api.w.org\/{rel}","templated":true}]}}