{"id":10881,"date":"2025-05-15T18:22:44","date_gmt":"2025-05-15T18:22:44","guid":{"rendered":"https:\/\/www.dymicron.com\/mezinarodni-zdroje-triadyme-c\/"},"modified":"2025-09-17T02:52:50","modified_gmt":"2025-09-17T02:52:50","slug":"mezinarodni-zdroje-triadyme-c","status":"publish","type":"page","link":"https:\/\/www.dymicron.com\/cs\/mezinarodni-zdroje-triadyme-c\/","title":{"rendered":"Mezin\u00e1rodn\u00ed zdroje Triadyme-C"},"content":{"rendered":"","protected":false},"excerpt":{"rendered":"","protected":false},"author":12,"featured_media":0,"parent":0,"menu_order":0,"comment_status":"closed","ping_status":"closed","template":"","meta":{"_acf_changed":false,"content-type":"","footnotes":""},"class_list":["post-10881","page","type-page","status-publish","hentry"],"acf":[],"yoast_head":"<!-- This site is optimized with the Yoast SEO plugin v26.8 - https:\/\/yoast.com\/product\/yoast-seo-wordpress\/ -->\n<title>Mezin\u00e1rodn\u00ed zdroje Triadyme-C - Dymicron<\/title>\n<meta name=\"robots\" content=\"index, follow, max-snippet:-1, max-image-preview:large, max-video-preview:-1\" \/>\n<link rel=\"canonical\" href=\"https:\/\/www.dymicron.com\/cs\/mezinarodni-zdroje-triadyme-c\/\" \/>\n<meta property=\"og:locale\" content=\"cs_CZ\" \/>\n<meta property=\"og:type\" content=\"article\" \/>\n<meta property=\"og:title\" content=\"Mezin\u00e1rodn\u00ed zdroje Triadyme-C - Dymicron\" \/>\n<meta property=\"og:url\" content=\"https:\/\/www.dymicron.com\/cs\/mezinarodni-zdroje-triadyme-c\/\" \/>\n<meta property=\"og:site_name\" content=\"Dymicron\" \/>\n<meta property=\"article:publisher\" content=\"https:\/\/www.linkedin.com\/company\/dymicron\" \/>\n<meta property=\"article:modified_time\" content=\"2025-09-17T02:52:50+00:00\" \/>\n<meta name=\"twitter:card\" content=\"summary_large_image\" \/>\n<meta name=\"twitter:label1\" content=\"Odhadovan\u00e1 doba \u010dten\u00ed\" \/>\n\t<meta name=\"twitter:data1\" content=\"1 minuta\" \/>\n<script type=\"application\/ld+json\" class=\"yoast-schema-graph\">{\"@context\":\"https:\/\/schema.org\",\"@graph\":[{\"@type\":\"WebPage\",\"@id\":\"https:\/\/www.dymicron.com\/cs\/mezinarodni-zdroje-triadyme-c\/\",\"url\":\"https:\/\/www.dymicron.com\/cs\/mezinarodni-zdroje-triadyme-c\/\",\"name\":\"Mezin\u00e1rodn\u00ed zdroje Triadyme-C - Dymicron\",\"isPartOf\":{\"@id\":\"https:\/\/www.dymicron.com\/#website\"},\"datePublished\":\"2025-05-15T18:22:44+00:00\",\"dateModified\":\"2025-09-17T02:52:50+00:00\",\"breadcrumb\":{\"@id\":\"https:\/\/www.dymicron.com\/cs\/mezinarodni-zdroje-triadyme-c\/#breadcrumb\"},\"inLanguage\":\"cs\",\"potentialAction\":[{\"@type\":\"ReadAction\",\"target\":[\"https:\/\/www.dymicron.com\/cs\/mezinarodni-zdroje-triadyme-c\/\"]}]},{\"@type\":\"BreadcrumbList\",\"@id\":\"https:\/\/www.dymicron.com\/cs\/mezinarodni-zdroje-triadyme-c\/#breadcrumb\",\"itemListElement\":[{\"@type\":\"ListItem\",\"position\":1,\"name\":\"Home\",\"item\":\"https:\/\/www.dymicron.com\/cs\/\"},{\"@type\":\"ListItem\",\"position\":2,\"name\":\"Mezin\u00e1rodn\u00ed zdroje Triadyme-C\"}]},{\"@type\":\"WebSite\",\"@id\":\"https:\/\/www.dymicron.com\/#website\",\"url\":\"https:\/\/www.dymicron.com\/\",\"name\":\"Dymicron\",\"description\":\"An innovation-driven medical technology company\",\"publisher\":{\"@id\":\"https:\/\/www.dymicron.com\/#organization\"},\"potentialAction\":[{\"@type\":\"SearchAction\",\"target\":{\"@type\":\"EntryPoint\",\"urlTemplate\":\"https:\/\/www.dymicron.com\/?s={search_term_string}\"},\"query-input\":{\"@type\":\"PropertyValueSpecification\",\"valueRequired\":true,\"valueName\":\"search_term_string\"}}],\"inLanguage\":\"cs\"},{\"@type\":\"Organization\",\"@id\":\"https:\/\/www.dymicron.com\/#organization\",\"name\":\"Dymicron\",\"url\":\"https:\/\/www.dymicron.com\/\",\"logo\":{\"@type\":\"ImageObject\",\"inLanguage\":\"cs\",\"@id\":\"https:\/\/www.dymicron.com\/#\/schema\/logo\/image\/\",\"url\":\"https:\/\/www.dymicron.com\/wp-content\/uploads\/2015\/03\/DYMICRON-CMYK-HOR-265-41.png\",\"contentUrl\":\"https:\/\/www.dymicron.com\/wp-content\/uploads\/2015\/03\/DYMICRON-CMYK-HOR-265-41.png\",\"width\":265,\"height\":41,\"caption\":\"Dymicron\"},\"image\":{\"@id\":\"https:\/\/www.dymicron.com\/#\/schema\/logo\/image\/\"},\"sameAs\":[\"https:\/\/www.linkedin.com\/company\/dymicron\"]}]}<\/script>\n<!-- \/ Yoast SEO plugin. -->","yoast_head_json":{"title":"Mezin\u00e1rodn\u00ed zdroje Triadyme-C - Dymicron","robots":{"index":"index","follow":"follow","max-snippet":"max-snippet:-1","max-image-preview":"max-image-preview:large","max-video-preview":"max-video-preview:-1"},"canonical":"https:\/\/www.dymicron.com\/cs\/mezinarodni-zdroje-triadyme-c\/","og_locale":"cs_CZ","og_type":"article","og_title":"Mezin\u00e1rodn\u00ed zdroje Triadyme-C - Dymicron","og_url":"https:\/\/www.dymicron.com\/cs\/mezinarodni-zdroje-triadyme-c\/","og_site_name":"Dymicron","article_publisher":"https:\/\/www.linkedin.com\/company\/dymicron","article_modified_time":"2025-09-17T02:52:50+00:00","twitter_card":"summary_large_image","twitter_misc":{"Odhadovan\u00e1 doba \u010dten\u00ed":"1 minuta"},"schema":{"@context":"https:\/\/schema.org","@graph":[{"@type":"WebPage","@id":"https:\/\/www.dymicron.com\/cs\/mezinarodni-zdroje-triadyme-c\/","url":"https:\/\/www.dymicron.com\/cs\/mezinarodni-zdroje-triadyme-c\/","name":"Mezin\u00e1rodn\u00ed zdroje Triadyme-C - Dymicron","isPartOf":{"@id":"https:\/\/www.dymicron.com\/#website"},"datePublished":"2025-05-15T18:22:44+00:00","dateModified":"2025-09-17T02:52:50+00:00","breadcrumb":{"@id":"https:\/\/www.dymicron.com\/cs\/mezinarodni-zdroje-triadyme-c\/#breadcrumb"},"inLanguage":"cs","potentialAction":[{"@type":"ReadAction","target":["https:\/\/www.dymicron.com\/cs\/mezinarodni-zdroje-triadyme-c\/"]}]},{"@type":"BreadcrumbList","@id":"https:\/\/www.dymicron.com\/cs\/mezinarodni-zdroje-triadyme-c\/#breadcrumb","itemListElement":[{"@type":"ListItem","position":1,"name":"Home","item":"https:\/\/www.dymicron.com\/cs\/"},{"@type":"ListItem","position":2,"name":"Mezin\u00e1rodn\u00ed zdroje Triadyme-C"}]},{"@type":"WebSite","@id":"https:\/\/www.dymicron.com\/#website","url":"https:\/\/www.dymicron.com\/","name":"Dymicron","description":"An innovation-driven medical technology company","publisher":{"@id":"https:\/\/www.dymicron.com\/#organization"},"potentialAction":[{"@type":"SearchAction","target":{"@type":"EntryPoint","urlTemplate":"https:\/\/www.dymicron.com\/?s={search_term_string}"},"query-input":{"@type":"PropertyValueSpecification","valueRequired":true,"valueName":"search_term_string"}}],"inLanguage":"cs"},{"@type":"Organization","@id":"https:\/\/www.dymicron.com\/#organization","name":"Dymicron","url":"https:\/\/www.dymicron.com\/","logo":{"@type":"ImageObject","inLanguage":"cs","@id":"https:\/\/www.dymicron.com\/#\/schema\/logo\/image\/","url":"https:\/\/www.dymicron.com\/wp-content\/uploads\/2015\/03\/DYMICRON-CMYK-HOR-265-41.png","contentUrl":"https:\/\/www.dymicron.com\/wp-content\/uploads\/2015\/03\/DYMICRON-CMYK-HOR-265-41.png","width":265,"height":41,"caption":"Dymicron"},"image":{"@id":"https:\/\/www.dymicron.com\/#\/schema\/logo\/image\/"},"sameAs":["https:\/\/www.linkedin.com\/company\/dymicron"]}]}},"_links":{"self":[{"href":"https:\/\/www.dymicron.com\/cs\/wp-json\/wp\/v2\/pages\/10881","targetHints":{"allow":["GET"]}}],"collection":[{"href":"https:\/\/www.dymicron.com\/cs\/wp-json\/wp\/v2\/pages"}],"about":[{"href":"https:\/\/www.dymicron.com\/cs\/wp-json\/wp\/v2\/types\/page"}],"author":[{"embeddable":true,"href":"https:\/\/www.dymicron.com\/cs\/wp-json\/wp\/v2\/users\/12"}],"replies":[{"embeddable":true,"href":"https:\/\/www.dymicron.com\/cs\/wp-json\/wp\/v2\/comments?post=10881"}],"version-history":[{"count":2,"href":"https:\/\/www.dymicron.com\/cs\/wp-json\/wp\/v2\/pages\/10881\/revisions"}],"predecessor-version":[{"id":11502,"href":"https:\/\/www.dymicron.com\/cs\/wp-json\/wp\/v2\/pages\/10881\/revisions\/11502"}],"wp:attachment":[{"href":"https:\/\/www.dymicron.com\/cs\/wp-json\/wp\/v2\/media?parent=10881"}],"curies":[{"name":"wp","href":"https:\/\/api.w.org\/{rel}","templated":true}]}}